{"id":2129,"date":"2024-09-04T14:48:50","date_gmt":"2024-09-04T14:48:50","guid":{"rendered":"https:\/\/alangonzalez.com\/contacta-con-nosotros\/"},"modified":"2026-02-23T19:52:06","modified_gmt":"2026-02-23T19:52:06","slug":"contacta-con-nosotros","status":"publish","type":"page","link":"https:\/\/alangonzalez.com\/es\/contacta-con-nosotros\/","title":{"rendered":"Contactame"},"content":{"rendered":"\t\t<div data-elementor-type=\"wp-page\" data-elementor-id=\"2129\" class=\"elementor elementor-2129 elementor-39\" data-elementor-post-type=\"page\">\n\t\t\t\t<div class=\"elementor-element elementor-element-1032dbd e-flex e-con-boxed e-con e-parent\" data-id=\"1032dbd\" data-element_type=\"container\" data-settings=\"{&quot;background_background&quot;:&quot;classic&quot;}\">\n\t\t\t\t\t<div class=\"e-con-inner\">\n\t\t\t\t<div class=\"elementor-element elementor-element-2ac895c elementor-widget elementor-widget-heading\" data-id=\"2ac895c\" data-element_type=\"widget\" data-widget_type=\"heading.default\">\n\t\t\t\t<div class=\"elementor-widget-container\">\n\t\t\t\t\t<h1 class=\"elementor-heading-title elementor-size-default\">Contactame<\/h1>\t\t\t\t<\/div>\n\t\t\t\t<\/div>\n\t\t\t\t\t<\/div>\n\t\t\t\t<\/div>\n\t\t<div class=\"elementor-element elementor-element-4708d3c e-flex e-con-boxed e-con e-parent\" data-id=\"4708d3c\" data-element_type=\"container\">\n\t\t\t\t\t<div class=\"e-con-inner\">\n\t\t\t\t<div class=\"elementor-element elementor-element-a10f0eb elementor-widget elementor-widget-spacer\" data-id=\"a10f0eb\" data-element_type=\"widget\" data-widget_type=\"spacer.default\">\n\t\t\t\t<div class=\"elementor-widget-container\">\n\t\t\t\t\t\t\t<div class=\"elementor-spacer\">\n\t\t\t<div class=\"elementor-spacer-inner\"><\/div>\n\t\t<\/div>\n\t\t\t\t\t\t<\/div>\n\t\t\t\t<\/div>\n\t\t<div class=\"elementor-element elementor-element-3d375fb e-con-full e-flex e-con e-child\" data-id=\"3d375fb\" data-element_type=\"container\">\n\t\t<div class=\"elementor-element elementor-element-2230c26 e-con-full e-flex e-con e-child\" data-id=\"2230c26\" data-element_type=\"container\">\n\t\t\t\t<div class=\"elementor-element elementor-element-1f91ba1 elementor-widget elementor-widget-heading\" data-id=\"1f91ba1\" data-element_type=\"widget\" data-widget_type=\"heading.default\">\n\t\t\t\t<div class=\"elementor-widget-container\">\n\t\t\t\t\t<h4 class=\"elementor-heading-title elementor-size-default\">Gracias por elegirnos \u00a1Alan Gonz\u00e1lez 360 Cirug\u00eda Pl\u00e1stica!<\/h4>\t\t\t\t<\/div>\n\t\t\t\t<\/div>\n\t\t\t\t<div class=\"elementor-element elementor-element-9255bd2 elementor-widget elementor-widget-heading\" data-id=\"9255bd2\" data-element_type=\"widget\" data-widget_type=\"heading.default\">\n\t\t\t\t<div class=\"elementor-widget-container\">\n\t\t\t\t\t<h1 class=\"elementor-heading-title elementor-size-default\">Programa una consulta<\/h1>\t\t\t\t<\/div>\n\t\t\t\t<\/div>\n\t\t\t\t<div class=\"elementor-element elementor-element-16c93a0 elementor-widget elementor-widget-text-editor\" data-id=\"16c93a0\" data-element_type=\"widget\" data-widget_type=\"text-editor.default\">\n\t\t\t\t<div class=\"elementor-widget-container\">\n\t\t\t\t\t\t\t\t\t<p>Para asegurarnos de estar completamente preparados para nuestra discusi\u00f3n inicial y obtener una comprensi\u00f3n completa de tus objetivos est\u00e9ticos, por favor completa el formulario proporcionado a continuaci\u00f3n.<\/p>\t\t\t\t\t\t\t\t<\/div>\n\t\t\t\t<\/div>\n\t\t\t\t<\/div>\n\t\t<div class=\"elementor-element elementor-element-99732ff e-con-full e-flex e-con e-child\" data-id=\"99732ff\" data-element_type=\"container\" data-settings=\"{&quot;background_background&quot;:&quot;classic&quot;}\">\n\t\t<div class=\"elementor-element elementor-element-2bf3447 e-con-full e-flex e-con e-child\" data-id=\"2bf3447\" data-element_type=\"container\">\n\t\t\t\t<div class=\"elementor-element elementor-element-7a1cb78 elementor-widget elementor-widget-image\" data-id=\"7a1cb78\" data-element_type=\"widget\" data-widget_type=\"image.default\">\n\t\t\t\t<div class=\"elementor-widget-container\">\n\t\t\t\t\t\t\t\t\t\t\t\t\t\t\t<img fetchpriority=\"high\" decoding=\"async\" width=\"771\" height=\"986\" src=\"https:\/\/alangonzalez.com\/wp-content\/uploads\/2024\/10\/DSC05459-1-1-1.png\" class=\"attachment-large size-large wp-image-1410\" alt=\"\" srcset=\"https:\/\/alangonzalez.com\/wp-content\/uploads\/2024\/10\/DSC05459-1-1-1.png 771w, https:\/\/alangonzalez.com\/wp-content\/uploads\/2024\/10\/DSC05459-1-1-1-235x300.png 235w, https:\/\/alangonzalez.com\/wp-content\/uploads\/2024\/10\/DSC05459-1-1-1-768x982.png 768w\" sizes=\"(max-width: 771px) 100vw, 771px\" \/>\t\t\t\t\t\t\t\t\t\t\t\t\t\t\t<\/div>\n\t\t\t\t<\/div>\n\t\t\t\t<\/div>\n\t\t<div class=\"elementor-element elementor-element-fb0cb51 e-con-full e-flex e-con e-child\" data-id=\"fb0cb51\" data-element_type=\"container\">\n\t\t\t\t<div class=\"elementor-element elementor-element-c973b29 elementor-button-align-stretch elementor-widget elementor-widget-form\" data-id=\"c973b29\" data-element_type=\"widget\" data-settings=\"{&quot;step_next_label&quot;:&quot;Siguiente&quot;,&quot;step_previous_label&quot;:&quot;Anterior&quot;,&quot;button_width&quot;:&quot;100&quot;,&quot;step_type&quot;:&quot;number_text&quot;,&quot;step_icon_shape&quot;:&quot;circle&quot;}\" data-widget_type=\"form.default\">\n\t\t\t\t<div class=\"elementor-widget-container\">\n\t\t\t\t\t\t\t<form class=\"elementor-form\" method=\"post\" name=\"P\u00e1gina web AG\">\n\t\t\t<input type=\"hidden\" name=\"post_id\" value=\"2129\"\/>\n\t\t\t<input type=\"hidden\" name=\"form_id\" value=\"c973b29\"\/>\n\t\t\t<input type=\"hidden\" name=\"referer_title\" value=\"\" \/>\n\n\t\t\t\n\t\t\t<div class=\"elementor-form-fields-wrapper elementor-labels-above\">\n\t\t\t\t\t\t\t\t<div class=\"elementor-field-type-text elementor-field-group elementor-column elementor-field-group-first_name elementor-col-50 elementor-field-required\">\n\t\t\t\t\t\t\t\t\t\t\t\t<label for=\"form-field-first_name\" class=\"elementor-field-label\">\n\t\t\t\t\t\t\t\tNombre\t\t\t\t\t\t\t<\/label>\n\t\t\t\t\t\t\t\t\t\t\t\t\t\t<input size=\"1\" type=\"text\" name=\"form_fields[first_name]\" id=\"form-field-first_name\" class=\"elementor-field elementor-size-sm  elementor-field-textual\" placeholder=\"Nombre\" required=\"required\">\n\t\t\t\t\t\t\t\t\t\t\t<\/div>\n\t\t\t\t\t\t\t\t<div class=\"elementor-field-type-text elementor-field-group elementor-column elementor-field-group-last_name elementor-col-50\">\n\t\t\t\t\t\t\t\t\t\t\t\t<label for=\"form-field-last_name\" class=\"elementor-field-label\">\n\t\t\t\t\t\t\t\tApellido\t\t\t\t\t\t\t<\/label>\n\t\t\t\t\t\t\t\t\t\t\t\t\t\t<input size=\"1\" type=\"text\" name=\"form_fields[last_name]\" id=\"form-field-last_name\" class=\"elementor-field elementor-size-sm  elementor-field-textual\" placeholder=\"Apellido\">\n\t\t\t\t\t\t\t\t\t\t\t<\/div>\n\t\t\t\t\t\t\t\t<div class=\"elementor-field-type-email elementor-field-group elementor-column elementor-field-group-email elementor-col-100 elementor-field-required\">\n\t\t\t\t\t\t\t\t\t\t\t\t<label for=\"form-field-email\" class=\"elementor-field-label\">\n\t\t\t\t\t\t\t\tCorreo\t\t\t\t\t\t\t<\/label>\n\t\t\t\t\t\t\t\t\t\t\t\t\t\t<input size=\"1\" type=\"email\" name=\"form_fields[email]\" id=\"form-field-email\" class=\"elementor-field elementor-size-sm  elementor-field-textual\" placeholder=\"Correo\" required=\"required\">\n\t\t\t\t\t\t\t\t\t\t\t<\/div>\n\t\t\t\t\t\t\t\t<div class=\"elementor-field-type-phone_number_prefix_selector_form_field elementor-field-group elementor-column elementor-field-group-country_code elementor-col-30\">\n\t\t\t\t\t\t\t\t\t\t\t\t<label for=\"form-field-country_code\" class=\"elementor-field-label\">\n\t\t\t\t\t\t\t\tC\u00f3digo pa\u00eds\t\t\t\t\t\t\t<\/label>\n\t\t\t\t\t\t<select class=\"startklar_country_selector\" name=\"form_fields[country_code]\" data-options='{\"phone_numb_format\":\"\",\"display_composition\":\"name_flag\"}' ><\/select>\t\t\t\t<\/div>\n\t\t\t\t\t\t\t\t<div class=\"elementor-field-type-text elementor-field-group elementor-column elementor-field-group-phone_number elementor-col-70 elementor-field-required\">\n\t\t\t\t\t\t\t\t\t\t\t\t<label for=\"form-field-phone_number\" class=\"elementor-field-label\">\n\t\t\t\t\t\t\t\tNumero de tel\u00e9fono\t\t\t\t\t\t\t<\/label>\n\t\t\t\t\t\t\t\t\t\t\t\t\t\t<input size=\"1\" type=\"text\" name=\"form_fields[phone_number]\" id=\"form-field-phone_number\" class=\"elementor-field elementor-size-sm  elementor-field-textual\" placeholder=\"Numero de tel\u00e9fono\" required=\"required\">\n\t\t\t\t\t\t\t\t\t\t\t<\/div>\n\t\t\t\t\t\t\t\t<div class=\"elementor-field-type-text elementor-field-group elementor-column elementor-field-group-Ciudad elementor-col-50\">\n\t\t\t\t\t\t\t\t\t\t\t\t<label for=\"form-field-Ciudad\" class=\"elementor-field-label\">\n\t\t\t\t\t\t\t\tCiudad\t\t\t\t\t\t\t<\/label>\n\t\t\t\t\t\t\t\t\t\t\t\t\t\t<input size=\"1\" type=\"text\" name=\"form_fields[Ciudad]\" id=\"form-field-Ciudad\" class=\"elementor-field elementor-size-sm  elementor-field-textual\" placeholder=\"Ciudad\">\n\t\t\t\t\t\t\t\t\t\t\t<\/div>\n\t\t\t\t\t\t\t\t<div class=\"elementor-field-type-select elementor-field-group elementor-column elementor-field-group-field_1f3e5fd elementor-col-50\">\n\t\t\t\t\t\t\t\t\t\t\t\t<label for=\"form-field-field_1f3e5fd\" class=\"elementor-field-label\">\n\t\t\t\t\t\t\t\tLenguaje\t\t\t\t\t\t\t<\/label>\n\t\t\t\t\t\t\t\t<div class=\"elementor-field elementor-select-wrapper remove-before \">\n\t\t\t<div class=\"select-caret-down-wrapper\">\n\t\t\t\t<svg aria-hidden=\"true\" class=\"e-font-icon-svg e-eicon-caret-down\" viewBox=\"0 0 571.4 571.4\" xmlns=\"http:\/\/www.w3.org\/2000\/svg\"><path d=\"M571 393Q571 407 561 418L311 668Q300 679 286 679T261 668L11 418Q0 407 0 393T11 368 36 357H536Q550 357 561 368T571 393Z\"><\/path><\/svg>\t\t\t<\/div>\n\t\t\t<select name=\"form_fields[field_1f3e5fd]\" id=\"form-field-field_1f3e5fd\" class=\"elementor-field-textual elementor-size-sm\">\n\t\t\t\t\t\t\t\t\t<option value=\"Espa\u00f1ol\">Espa\u00f1ol<\/option>\n\t\t\t\t\t\t\t\t\t<option value=\"Ingles\">Ingles<\/option>\n\t\t\t\t\t\t\t<\/select>\n\t\t<\/div>\n\t\t\t\t\t\t<\/div>\n\t\t\t\t\t\t\t\t<div class=\"elementor-field-type-select elementor-field-group elementor-column elementor-field-group-programar_procedimiento elementor-col-50\">\n\t\t\t\t\t\t\t\t\t\t\t\t<label for=\"form-field-programar_procedimiento\" class=\"elementor-field-label\">\n\t\t\t\t\t\t\t\t\u00bfQu\u00e9 tan pronto desea programar su procedimiento?\t\t\t\t\t\t\t<\/label>\n\t\t\t\t\t\t\t\t<div class=\"elementor-field elementor-select-wrapper remove-before \">\n\t\t\t<div class=\"select-caret-down-wrapper\">\n\t\t\t\t<svg aria-hidden=\"true\" class=\"e-font-icon-svg e-eicon-caret-down\" viewBox=\"0 0 571.4 571.4\" xmlns=\"http:\/\/www.w3.org\/2000\/svg\"><path d=\"M571 393Q571 407 561 418L311 668Q300 679 286 679T261 668L11 418Q0 407 0 393T11 368 36 357H536Q550 357 561 368T571 393Z\"><\/path><\/svg>\t\t\t<\/div>\n\t\t\t<select name=\"form_fields[programar_procedimiento]\" id=\"form-field-programar_procedimiento\" class=\"elementor-field-textual elementor-size-sm\">\n\t\t\t\t\t\t\t\t\t<option value=\"Menos de un mes\">Menos de un mes<\/option>\n\t\t\t\t\t\t\t\t\t<option value=\"Dentro de 1-2 meses\">Dentro de 1-2 meses<\/option>\n\t\t\t\t\t\t\t\t\t<option value=\"Entre 3-6 meses\">Entre 3-6 meses<\/option>\n\t\t\t\t\t\t\t\t\t<option value=\"Dentro de 6-12 meses\">Dentro de 6-12 meses<\/option>\n\t\t\t\t\t\t\t\t\t<option value=\"Despu\u00e9s de 12 meses\">Despu\u00e9s de 12 meses<\/option>\n\t\t\t\t\t\t\t<\/select>\n\t\t<\/div>\n\t\t\t\t\t\t<\/div>\n\t\t\t\t\t\t\t\t<div class=\"elementor-field-type-select elementor-field-group elementor-column elementor-field-group-contactame elementor-col-50\">\n\t\t\t\t\t\t\t\t\t\t\t\t<label for=\"form-field-contactame\" class=\"elementor-field-label\">\n\t\t\t\t\t\t\t\t\u00bfC\u00f3mo prefiere que nos cont\u00e1ctenos?\t\t\t\t\t\t\t<\/label>\n\t\t\t\t\t\t\t\t<div class=\"elementor-field elementor-select-wrapper remove-before \">\n\t\t\t<div class=\"select-caret-down-wrapper\">\n\t\t\t\t<svg aria-hidden=\"true\" class=\"e-font-icon-svg e-eicon-caret-down\" viewBox=\"0 0 571.4 571.4\" xmlns=\"http:\/\/www.w3.org\/2000\/svg\"><path d=\"M571 393Q571 407 561 418L311 668Q300 679 286 679T261 668L11 418Q0 407 0 393T11 368 36 357H536Q550 357 561 368T571 393Z\"><\/path><\/svg>\t\t\t<\/div>\n\t\t\t<select name=\"form_fields[contactame]\" id=\"form-field-contactame\" class=\"elementor-field-textual elementor-size-sm\">\n\t\t\t\t\t\t\t\t\t<option value=\"Whatsapp\">Whatsapp<\/option>\n\t\t\t\t\t\t\t\t\t<option value=\"Llamada\">Llamada<\/option>\n\t\t\t\t\t\t\t\t\t<option value=\"Correo\">Correo<\/option>\n\t\t\t\t\t\t\t\t\t<option value=\"Mensaje\">Mensaje<\/option>\n\t\t\t\t\t\t\t<\/select>\n\t\t<\/div>\n\t\t\t\t\t\t<\/div>\n\t\t\t\t\t\t\t\t<div class=\"elementor-field-type-textarea elementor-field-group elementor-column elementor-field-group-message elementor-col-100\">\n\t\t\t\t\t\t\t\t\t\t\t\t<label for=\"form-field-message\" class=\"elementor-field-label\">\n\t\t\t\t\t\t\t\tMensaje\t\t\t\t\t\t\t<\/label>\n\t\t\t\t\t\t<textarea class=\"elementor-field-textual elementor-field  elementor-size-sm\" name=\"form_fields[message]\" id=\"form-field-message\" rows=\"4\"><\/textarea>\t\t\t\t<\/div>\n\t\t\t\t\t\t\t\t<div class=\"elementor-field-type-recaptcha_v3 elementor-field-group elementor-column elementor-field-group-field_bacd7fb elementor-col-100 recaptcha_v3-bottomright\">\n\t\t\t\t\t<div class=\"elementor-field\" id=\"form-field-field_bacd7fb\"><div class=\"elementor-g-recaptcha\" data-sitekey=\"6LdMZA0rAAAAAAaVR37zOXrQ1aKujmAJvjOnprwR\" data-type=\"v3\" data-action=\"Form\" data-badge=\"bottomright\" data-size=\"invisible\"><\/div><\/div>\t\t\t\t<\/div>\n\t\t\t\t\t\t\t\t<div class=\"elementor-field-type-acceptance elementor-field-group elementor-column elementor-field-group-field_0caa66c elementor-col-100\">\n\t\t\t\t\t\t\t<div class=\"elementor-field-subgroup\">\n\t\t\t<span class=\"elementor-field-option\">\n\t\t\t\t<input type=\"checkbox\" name=\"form_fields[field_0caa66c]\" id=\"form-field-field_0caa66c\" class=\"elementor-field elementor-size-sm  elementor-acceptance-field\">\n\t\t\t\t<label for=\"form-field-field_0caa66c\">Autorizo el tratamiento de mis datos personales de acuerdo con la <a href=\"https:\/\/alangonzalez.com\/es\/politica-de-privacidad\/\" target=\"_blank\">Pol\u00edtica de Tratamiento de Datos Personales<\/a>.<\/label>\t\t\t<\/span>\n\t\t<\/div>\n\t\t\t\t\t\t<\/div>\n\t\t\t\t\t\t\t\t<div class=\"elementor-field-group elementor-column elementor-field-type-submit elementor-col-100 e-form__buttons\">\n\t\t\t\t\t<button class=\"elementor-button elementor-size-sm\" type=\"submit\">\n\t\t\t\t\t\t<span class=\"elementor-button-content-wrapper\">\n\t\t\t\t\t\t\t\t\t\t\t\t\t\t\t\t\t\t\t\t\t\t<span class=\"elementor-button-text\">Enviar<\/span>\n\t\t\t\t\t\t\t\t\t\t\t\t\t<\/span>\n\t\t\t\t\t<\/button>\n\t\t\t\t<\/div>\n\t\t\t<\/div>\n\t\t<\/form>\n\t\t\t\t\t\t<\/div>\n\t\t\t\t<\/div>\n\t\t\t\t<\/div>\n\t\t\t\t<\/div>\n\t\t\t\t<\/div>\n\t\t\t\t<div class=\"elementor-element elementor-element-7a62608 elementor-widget elementor-widget-spacer\" data-id=\"7a62608\" data-element_type=\"widget\" data-widget_type=\"spacer.default\">\n\t\t\t\t<div class=\"elementor-widget-container\">\n\t\t\t\t\t\t\t<div class=\"elementor-spacer\">\n\t\t\t<div class=\"elementor-spacer-inner\"><\/div>\n\t\t<\/div>\n\t\t\t\t\t\t<\/div>\n\t\t\t\t<\/div>\n\t\t\t\t\t<\/div>\n\t\t\t\t<\/div>\n\t\t\t\t<\/div>\n\t\t","protected":false},"excerpt":{"rendered":"<p>Gracias por elegirnos \u00a1Alan Gonz\u00e1lez 360 Cirug\u00eda Pl\u00e1stica! Programa una consulta Para asegurarnos de estar completamente preparados para nuestra discusi\u00f3n inicial y obtener una comprensi\u00f3n completa de tus objetivos est\u00e9ticos, por favor completa el formulario proporcionado a continuaci\u00f3n.<\/p>\n","protected":false},"author":1,"featured_media":0,"parent":0,"menu_order":0,"comment_status":"closed","ping_status":"closed","template":"","meta":{"_acf_changed":false,"footnotes":""},"class_list":["post-2129","page","type-page","status-publish","hentry"],"acf":[],"aioseo_notices":[],"_links":{"self":[{"href":"https:\/\/alangonzalez.com\/es\/wp-json\/wp\/v2\/pages\/2129","targetHints":{"allow":["GET"]}}],"collection":[{"href":"https:\/\/alangonzalez.com\/es\/wp-json\/wp\/v2\/pages"}],"about":[{"href":"https:\/\/alangonzalez.com\/es\/wp-json\/wp\/v2\/types\/page"}],"author":[{"embeddable":true,"href":"https:\/\/alangonzalez.com\/es\/wp-json\/wp\/v2\/users\/1"}],"replies":[{"embeddable":true,"href":"https:\/\/alangonzalez.com\/es\/wp-json\/wp\/v2\/comments?post=2129"}],"version-history":[{"count":36,"href":"https:\/\/alangonzalez.com\/es\/wp-json\/wp\/v2\/pages\/2129\/revisions"}],"predecessor-version":[{"id":7365,"href":"https:\/\/alangonzalez.com\/es\/wp-json\/wp\/v2\/pages\/2129\/revisions\/7365"}],"wp:attachment":[{"href":"https:\/\/alangonzalez.com\/es\/wp-json\/wp\/v2\/media?parent=2129"}],"curies":[{"name":"wp","href":"https:\/\/api.w.org\/{rel}","templated":true}]}}